{"id":1991,"date":"2023-09-07T15:16:33","date_gmt":"2023-09-07T15:16:33","guid":{"rendered":"http:\/\/nyxdimensions.com\/?page_id=1991"},"modified":"2023-09-08T00:07:41","modified_gmt":"2023-09-08T00:07:41","slug":"a-propos-de-nous","status":"publish","type":"page","link":"https:\/\/nyxdimensions.com\/?page_id=1991&lang=en","title":{"rendered":"\u00c0 propos de nous"},"content":{"rendered":"\t\t<div data-elementor-type=\"wp-page\" data-elementor-id=\"1991\" class=\"elementor elementor-1991 elementor-1974\" data-elementor-post-type=\"page\">\n\t\t\t\t<div class=\"elementor-element elementor-element-5758a9e5 e-flex e-con-boxed e-con e-parent\" data-id=\"5758a9e5\" data-element_type=\"container\" data-settings=\"{&quot;background_background&quot;:&quot;classic&quot;}\">\n\t\t\t\t\t<div class=\"e-con-inner\">\n\t\t<div class=\"elementor-element elementor-element-4d3c9574 e-con-full e-flex e-con e-child\" data-id=\"4d3c9574\" data-element_type=\"container\">\n\t\t\t\t<div class=\"elementor-element elementor-element-db139d9 elementor-invisible elementor-widget elementor-widget-heading\" data-id=\"db139d9\" data-element_type=\"widget\" data-settings=\"{&quot;_animation&quot;:&quot;fadeIn&quot;}\" data-widget_type=\"heading.default\">\n\t\t\t\t\t<h4 class=\"elementor-heading-title elementor-size-medium\">Qui sommes nous?<\/h4>\t\t\t\t<\/div>\n\t\t\t\t<div class=\"elementor-element elementor-element-6db4c92a elementor-widget elementor-widget-text-editor\" data-id=\"6db4c92a\" data-element_type=\"widget\" data-widget_type=\"text-editor.default\">\n\t\t\t\t\t\t\t\t\t<p>Nous sommes des sp\u00e9cialistes en traitement de fichiers num\u00e9ris\u00e9s. Depuis plus de 30 ans, nous jouissons d\u2019une expertise recherch\u00e9e\u00a0: la capacit\u00e9 \u00e0 extraire de l\u2019information pertinente des nuages de points gr\u00e2ce une compr\u00e9hension approfondie de cette technologie.<\/p><p>Cette expertise nous a amen\u00e9 \u00e0 travailler sur de nombreux projets avec des fonderies et des mini\u00e8res au Qu\u00e9bec et dans le monde.<\/p><p>Nous avons donc une vision claire et pr\u00e9cise de l\u2019utilisation de la num\u00e9risation dans le secteur minier et connaissons les opportunit\u00e9s et les limitations de cette technologie pour les compagnies mini\u00e8res.<\/p><p>Nous savons que les nuages de points peuvent \u00eatre \u00e9normes et comprenons qu\u2019ils peuvent \u00eatre difficiles \u00e0 manipuler, traiter et emmagasiner.<\/p><p>Nous sommes conscients aussi que la multiplication des fichiers num\u00e9ris\u00e9s peut entraver le bon fonctionnement des op\u00e9rations mini\u00e8res et devenir le cauchemar du d\u00e9partement des TI.<\/p><p>\u00c0 la lumi\u00e8re de ce constat, notre objectif est simple\u00a0: vous aider \u00e0 mieux num\u00e9riser en vous accompagnant dans la mise en place des technologies laser.<\/p><p>Notre approche vous permet:<\/p><ol><li>d\u2019approfondir votre compr\u00e9hension du processus de num\u00e9risation<\/li><li>d\u2019obtenir des donn\u00e9es de qualit\u00e9<\/li><li>de faciliter l\u2019analyse des donn\u00e9es de vos mines<\/li><\/ol><p>Nous mettons notre expertise \u00e0 votre service.<br \/>Nous vous rendons autonome dans la manipulation de vos fichiers points.<\/p>\t\t\t\t\t\t\t\t<\/div>\n\t\t\t\t<\/div>\n\t\t<div class=\"elementor-element elementor-element-640e94c9 e-con-full e-flex e-con e-child\" data-id=\"640e94c9\" data-element_type=\"container\">\n\t\t\t\t<div class=\"elementor-element elementor-element-5a1f17b8 elementor-widget elementor-widget-image\" data-id=\"5a1f17b8\" data-element_type=\"widget\" data-widget_type=\"image.default\">\n\t\t\t\t\t\t\t\t\t\t\t\t\t\t\t<img fetchpriority=\"high\" decoding=\"async\" width=\"770\" height=\"504\" src=\"https:\/\/nyxdimensions.com\/wp-content\/uploads\/2023\/08\/fond2b-1024x670.png\" class=\"attachment-large size-large wp-image-1361\" alt=\"\" srcset=\"https:\/\/nyxdimensions.com\/wp-content\/uploads\/2023\/08\/fond2b-1024x670.png 1024w, https:\/\/nyxdimensions.com\/wp-content\/uploads\/2023\/08\/fond2b-300x196.png 300w, https:\/\/nyxdimensions.com\/wp-content\/uploads\/2023\/08\/fond2b-768x502.png 768w, https:\/\/nyxdimensions.com\/wp-content\/uploads\/2023\/08\/fond2b-1536x1005.png 1536w, https:\/\/nyxdimensions.com\/wp-content\/uploads\/2023\/08\/fond2b-2048x1340.png 2048w, https:\/\/nyxdimensions.com\/wp-content\/uploads\/2023\/08\/fond2b-45x29.png 45w, https:\/\/nyxdimensions.com\/wp-content\/uploads\/2023\/08\/fond2b-370x242.png 370w, https:\/\/nyxdimensions.com\/wp-content\/uploads\/2023\/08\/fond2b-770x504.png 770w\" sizes=\"(max-width: 770px) 100vw, 770px\" \/>\t\t\t\t\t\t\t\t\t\t\t\t\t\t\t<\/div>\n\t\t\t\t<\/div>\n\t\t\t\t\t<\/div>\n\t\t\t\t<\/div>\n\t\t\t\t<\/div>\n\t\t","protected":false},"excerpt":{"rendered":"<p>Qui sommes nous? Nous sommes des sp\u00e9cialistes en traitement de fichiers num\u00e9ris\u00e9s. Depuis plus de 30 ans, nous jouissons d\u2019une expertise recherch\u00e9e\u00a0: la capacit\u00e9 \u00e0 extraire de l\u2019information pertinente des nuages de points gr\u00e2ce une compr\u00e9hension approfondie de cette technologie. Cette expertise nous a amen\u00e9 \u00e0 travailler sur de nombreux projets avec des fonderies et des mini\u00e8res au Qu\u00e9bec et dans le monde. Nous avons donc une vision claire et pr\u00e9cise de l\u2019utilisation de la num\u00e9risation dans le secteur minier et connaissons les opportunit\u00e9s et les limitations de cette technologie pour les compagnies mini\u00e8res. Nous savons que les nuages de points peuvent \u00eatre \u00e9normes et comprenons qu\u2019ils peuvent \u00eatre difficiles \u00e0 manipuler, traiter et emmagasiner. Nous sommes conscients aussi que la multiplication des fichiers num\u00e9ris\u00e9s peut entraver le bon fonctionnement des op\u00e9rations mini\u00e8res et devenir le cauchemar du d\u00e9partement des TI. \u00c0 la lumi\u00e8re de ce constat, notre objectif est simple\u00a0: vous aider \u00e0 mieux num\u00e9riser en vous accompagnant dans la mise en place des technologies laser. Notre approche vous permet: d\u2019approfondir votre compr\u00e9hension du processus de num\u00e9risation d\u2019obtenir des donn\u00e9es de qualit\u00e9 de faciliter l\u2019analyse des donn\u00e9es de vos mines Nous mettons notre expertise \u00e0 votre service. Nous vous rendons autonome dans la manipulation de vos fichiers points.<\/p>\n","protected":false},"author":1,"featured_media":0,"parent":2037,"menu_order":0,"comment_status":"closed","ping_status":"closed","template":"","meta":{"footnotes":""},"class_list":["post-1991","page","type-page","status-publish","hentry"],"amp_enabled":true,"_links":{"self":[{"href":"https:\/\/nyxdimensions.com\/index.php?rest_route=\/wp\/v2\/pages\/1991","targetHints":{"allow":["GET"]}}],"collection":[{"href":"https:\/\/nyxdimensions.com\/index.php?rest_route=\/wp\/v2\/pages"}],"about":[{"href":"https:\/\/nyxdimensions.com\/index.php?rest_route=\/wp\/v2\/types\/page"}],"author":[{"embeddable":true,"href":"https:\/\/nyxdimensions.com\/index.php?rest_route=\/wp\/v2\/users\/1"}],"replies":[{"embeddable":true,"href":"https:\/\/nyxdimensions.com\/index.php?rest_route=%2Fwp%2Fv2%2Fcomments&post=1991"}],"version-history":[{"count":2,"href":"https:\/\/nyxdimensions.com\/index.php?rest_route=\/wp\/v2\/pages\/1991\/revisions"}],"predecessor-version":[{"id":2012,"href":"https:\/\/nyxdimensions.com\/index.php?rest_route=\/wp\/v2\/pages\/1991\/revisions\/2012"}],"up":[{"embeddable":true,"href":"https:\/\/nyxdimensions.com\/index.php?rest_route=\/wp\/v2\/pages\/2037"}],"wp:attachment":[{"href":"https:\/\/nyxdimensions.com\/index.php?rest_route=%2Fwp%2Fv2%2Fmedia&parent=1991"}],"curies":[{"name":"wp","href":"https:\/\/api.w.org\/{rel}","templated":true}]}}