{"id":520,"date":"2016-10-22T08:59:17","date_gmt":"2016-10-22T12:59:17","guid":{"rendered":"http:\/\/aerious.technologybell.com\/aerious_min_demo\/aerious_min_demo\/?page_id=520"},"modified":"2023-09-26T11:50:39","modified_gmt":"2023-09-26T15:50:39","slug":"home","status":"publish","type":"page","link":"https:\/\/nyxdimensions.com\/","title":{"rendered":"Accueil"},"content":{"rendered":"<div class=\"wpb-content-wrapper\"><p>[vc_row full_width=&#8221;stretch_row&#8221; css=&#8221;.vc_custom_1694016552703{margin-bottom: 0px !important;padding-top: 35px !important;padding-bottom: 35px !important;background-color: #ffffff !important;}&#8221;][vc_column][aerious_title_subtitle border_position=&#8221;bottom&#8221; border_style=&#8221;red&#8221; color=&#8221;custom&#8221; text_align=&#8221;left&#8221; subtitle_color=&#8221;custom&#8221; subtitle_text_align=&#8221;left&#8221; animation=&#8221;zoomIn&#8221; title=&#8221;Aborder le d\u00e9fi de la prise de donn\u00e9es&#8221; subtitle=&#8221;Les technologies d&#8217;Acquisition peuvent devenir rapidement complexes!&#8221; custom_color=&#8221;#dd3333&#8243; subtitle_custom_color=&#8221;#dd3333&#8243;][aerious_content align=&#8221;left&#8221; width=&#8221;100&#8243; content_=&#8221;L&#8217;accompagnement pour l&#8217;implantation des technologies de relev\u00e9s laser est essentiel pour garantir que ces technologies sont utilis\u00e9es de mani\u00e8re efficace et rentable. Il permet de surmonter les d\u00e9fis techniques, de former le personnel, d&#8217;optimiser les processus et de maximiser les avantages de ces technologies, ce qui est particuli\u00e8rement important dans des industries telles que l&#8217;ing\u00e9nierie, la construction, la cartographie, mais particuli\u00e8rement dans l&#8217;industrie mini\u00e8re.<br \/>\nNotre approche est construite autour de trois piliers soient, la cr\u00e9ativit\u00e9, l&#8217;ing\u00e9niosit\u00e9 et la disponibilit\u00e9&#8221; color=&#8221;#7c7c7c&#8221;][\/vc_column][\/vc_row][vc_row equal_height=&#8221;yes&#8221; css=&#8221;.vc_custom_1694547952904{margin-bottom: 15px !important;}&#8221;][vc_column width=&#8221;1\/3&#8243;][aerious_icon_with_text icon_pack=&#8221;eleganticons&#8221; icon_color=&#8221;custom&#8221; icon_placement=&#8221;left&#8221; text_align=&#8221;left&#8221; icon_ei=&#8221;icon_lightbulb_alt&#8221; title=&#8221;Cr\u00e9ativit\u00e9&#8221; content_=&#8221;La cr\u00e9ativit\u00e9 est notre moteur pour l&#8217;innovation technologique. Elle permet de d\u00e9couvrir de nouvelles solutions, de s&#8217;adapter aux d\u00e9fis changeants, d&#8217;am\u00e9liorer continuellement les produits et de r\u00e9pondre aux besoins de nos clients et partenaires. Dans un monde en constante \u00e9volution, la cr\u00e9ativit\u00e9 est un atout essentiel pour les entreprises cherchant \u00e0 rester \u00e0 la pointe de la technologie.&#8221; icon_custom_color=&#8221;#dd3333&#8243; icon_size=&#8221;60&#8243;][\/vc_column][vc_column width=&#8221;1\/3&#8243;][aerious_icon_with_text icon_pack=&#8221;eleganticons&#8221; icon_color=&#8221;custom&#8221; icon_placement=&#8221;left&#8221; text_align=&#8221;left&#8221; icon_ei=&#8221;icon_tools&#8221; title=&#8221;Ing\u00e9niosit\u00e9&#8221; content_=&#8221;Nous avons la qualit\u00e9 ou la capacit\u00e9 de penser de mani\u00e8re cr\u00e9ative, novatrice et astucieuse pour r\u00e9soudre des probl\u00e8mes ou concevoir des solutions originales. Cela implique souvent de trouver des moyens ing\u00e9nieux de surmonter des obstacles ou de cr\u00e9er quelque chose de nouveau en utilisant des ressources disponibles de mani\u00e8re intelligente. (il y a longtemps que nous sommes dans ce domaine!).&#8221; icon_bg_color=&#8221;#ffffff&#8221; icon_custom_color=&#8221;#dd3333&#8243; title_size=&#8221;12&#8243; icon_size=&#8221;60&#8243;][\/vc_column][vc_column width=&#8221;1\/3&#8243;][aerious_icon_with_text icon_pack=&#8221;eleganticons&#8221; icon_color=&#8221;custom&#8221; icon_placement=&#8221;left&#8221; text_align=&#8221;left&#8221; animation_duration=&#8221;2&#8243; title=&#8221;Disponibilit\u00e9&#8221; content_=&#8221;Pour tous les types de projets, nous vous offrons une assistance de qualit\u00e9 pour maximiser l&#8217;utilisation efficace de vos technologies. Que ce soit pour le d\u00e9pannage, la formation, la configuration de nouveaux \u00e9quipements ou l&#8217;optimisation des syst\u00e8mes existants, notre voulons que vous tiriez le meilleur parti de vos investissements technologiques.&#8221; icon_ei=&#8221;icon_chat_alt&#8221; icon_custom_color=&#8221;#dd3333&#8243; icon_size=&#8221;60&#8243;][\/vc_column][\/vc_row][vc_row][vc_column][aerious_title_subtitle border_position=&#8221;bottom&#8221; color=&#8221;custom&#8221; subtitle_color=&#8221;custom&#8221; title=&#8221;Quelques exemples de projets&#8221; subtitle=&#8221;Notre expertise en images et en mots&#8230;&#8221; custom_color=&#8221;#dd3333&#8243; subtitle_custom_color=&#8221;#dd3333&#8243;][aerious_portfolio columns=&#8221;3&#8243; category=&#8221;metrologie,rsde,services,tech&#8221; readmore_text=&#8221;Voir le projet&#8221; navigation=&#8221;true&#8221; nav_style=&#8221;&#8221; nav_buttons=&#8221;true&#8221; single_item_nav=&#8221;false&#8221; autoplay=&#8221;false&#8221; loop=&#8221;true&#8221;][\/vc_column][\/vc_row][vc_row full_width=&#8221;stretch_row&#8221; css=&#8221;.vc_custom_1464266272453{padding-top: 70px !important;padding-bottom: 70px !important;background-color: #eeeef2 !important;}&#8221;][vc_column css=&#8221;.vc_custom_1692372634415{background-color: #ffffff !important;}&#8221;][aerious_title_subtitle border_position=&#8221;bottom&#8221; color=&#8221;custom&#8221; subtitle_color=&#8221;custom&#8221; animation=&#8221;zoomInUp&#8221; title=&#8221;Voici notre \u00e9quipe&#8221; subtitle=&#8221;Tous des professionnels!!!&#8221; custom_color=&#8221;#dd3333&#8243; subtitle_custom_color=&#8221;#dd3333&#8243;][aerious_content align=&#8221;center&#8221; width=&#8221;55&#8243; content_=&#8221;Faites connaissance avec notre \u00e9quipe&#8221;][vc_empty_space height=&#8221;16px&#8221;][aerious_team columns=&#8221;3&#8243; highlight_color=&#8221;&#8221; css=&#8221;.vc_custom_1692908606088{background-image: url(http:\/\/aerious.technologybell.com\/aerious_min_demo\/aerious_min_demo\/wp-content\/uploads\/2016\/10\/bg3-min.png?id=805) !important;background-position: center !important;background-repeat: no-repeat !important;background-size: contain !important;}&#8221;][aerious_team_member name=&#8221;Eric Moreau&#8221; image=&#8221;1343&#8243; position=&#8221;Inspiration et muse&#8221; desc=&#8221;Il n&#8217;est plus avec nous, mais son imagination, sa cr\u00e9ativit\u00e9 et son humour particulier flottent tout autour de nous!&#8221; social_icon_bg_color_1=&#8221;#3b5998&#8243; social_icon_bg_color_2=&#8221;#dd4b39&#8243; social_icon_bg_color_3=&#8221;#55acee&#8221; social_icon_bg_color_4=&#8221;#aad450&#8243; social_icon_color_1=&#8221;#ffffff&#8221; social_icon_color_2=&#8221;#ffffff&#8221; social_icon_color_3=&#8221;#ffffff&#8221; social_icon_color_4=&#8221;#ffffff&#8221;][aerious_team_member show_social_icons=&#8221;yes&#8221; name=&#8221;Jacques Pelchat&#8221; position=&#8221;Programmeur back end et responsable du d\u00e9partement des miracles&#8221; desc=&#8221;Il carbure aux d\u00e9fis et souffre aussi de skinusite, une maladie qui appara\u00eet d\u00e8s que les pistes de skis sont couvertes de neige!&#8221; social_icon_1=&#8221;fa fa-facebook&#8221; social_icon_link_1=&#8221;facebook.com&#8221; social_icon_2=&#8221;fa fa-google-plus&#8221; social_icon_link_2=&#8221;google.com&#8221; social_icon_3=&#8221;social_twitter&#8221; social_icon_link_3=&#8221;twitter.com&#8221; social_icon_4=&#8221;fa fa-vimeo&#8221; social_icon_link_4=&#8221;vimeo.com&#8221; social_icon_5=&#8221;fa fa-wordpress&#8221; social_icon_link_5=&#8221;wordpress.com&#8221; image=&#8221;1347&#8243;][aerious_team_member show_social_icons=&#8221;yes&#8221; name=&#8221;Jean Brassard&#8221; image=&#8221;1345&#8243; position=&#8221;CEO \/ Pr\u00e9sident&#8221; desc=&#8221;PPr\u00e9sident \u00e9lue \u00e0 vie, d\u00e9mocratiquement et sans opposition! Plus vieux qu&#8217;il n&#8217;y para\u00eet sur la photo, il est pas mal avec les clients et les coll\u00e8gues pour tisser des liens et servir la bi\u00e8re!&#8221; social_icon_1=&#8221;fa fa-facebook&#8221; social_icon_link_1=&#8221;facebook.com&#8221; social_icon_2=&#8221;fa fa-google-plus&#8221; social_icon_link_2=&#8221;google.com&#8221; social_icon_3=&#8221;social_twitter&#8221; social_icon_link_3=&#8221;twitter.com&#8221; social_icon_4=&#8221;fa fa-vimeo&#8221; social_icon_link_4=&#8221;vimeo.com&#8221; social_icon_5=&#8221;fa fa-wordpress&#8221; social_icon_link_5=&#8221;wordpress.com&#8221; social_icon_hover_bg_color_1=&#8221;#3b5998&#8243; social_icon_hover_bg_color_2=&#8221;#dd4b39&#8243; social_icon_hover_bg_color_3=&#8221;#55acee&#8221; social_icon_hover_bg_color_4=&#8221;#aad450&#8243; social_icon_hover_color_1=&#8221;#ffffff&#8221; social_icon_hover_color_2=&#8221;#ffffff&#8221; social_icon_hover_color_3=&#8221;#ffffff&#8221; social_icon_hover_color_4=&#8221;#ffffff&#8221;][\/aerious_team][\/vc_column][\/vc_row][vc_row full_width=&#8221;stretch_row&#8221; css=&#8221;.vc_custom_1464260417680{padding-top: 70px !important;padding-bottom: 70px !important;background-color: #eeeef2 !important;}&#8221;][vc_column][aerious_title_subtitle border_position=&#8221;bottom&#8221; color=&#8221;custom&#8221; subtitle_color=&#8221;custom&#8221; animation=&#8221;fadeIn&#8221; title=&#8221;Nos derniers articles&#8221; subtitle=&#8221;\u00c0 lire&#8221; custom_color=&#8221;#dd3333&#8243; subtitle_custom_color=&#8221;#dd3333&#8243;][aerious_content align=&#8221;center&#8221; width=&#8221;55&#8243; content_=&#8221;Lorem ipsum dolor sit amet, consectetuer adipiscing elit. Aenean commodo ligula eget dolor. Aenean massa. Cum sociis natoque penatibus et magnis dis parturient montes, nascetur ridiculus.&#8221;][vc_empty_space height=&#8221;20px&#8221;][aerious_blog_posts type=&#8221;slider&#8221; columns=&#8221;4&#8243; post_content=&#8221;excerpt&#8221; blog_thumbnail=&#8221;yes&#8221; blog_media=&#8221;no&#8221; show_category=&#8221;no&#8221; show_readmore=&#8221;yes&#8221; show_author=&#8221;yes&#8221; show_like=&#8221;no&#8221; show_comments=&#8221;no&#8221; show_social=&#8221;no&#8221; navigation=&#8221;true&#8221; nav_style=&#8221;&#8221; nav_buttons=&#8221;true&#8221; single_item_nav=&#8221;false&#8221; autoplay=&#8221;false&#8221; loop=&#8221;true&#8221; animation=&#8221;bounceInRight&#8221; number_slider=&#8221;1&#8243;][\/vc_column][\/vc_row]<\/p>\n<\/div>","protected":false},"excerpt":{"rendered":"<p>[vc_row full_width=&#8221;stretch_row&#8221; css=&#8221;.vc_custom_1694016552703{margin-bottom: 0px !important;padding-top: 35px !important;padding-bottom: 35px !important;background-color: #ffffff !important;}&#8221;][vc_column][aerious_title_subtitle border_position=&#8221;bottom&#8221; border_style=&#8221;red&#8221; color=&#8221;custom&#8221; text_align=&#8221;left&#8221; subtitle_color=&#8221;custom&#8221; subtitle_text_align=&#8221;left&#8221; animation=&#8221;zoomIn&#8221; title=&#8221;Aborder le d\u00e9fi de la prise de donn\u00e9es&#8221; subtitle=&#8221;Les technologies d&#8217;Acquisition peuvent devenir rapidement complexes!&#8221; custom_color=&#8221;#dd3333&#8243; subtitle_custom_color=&#8221;#dd3333&#8243;][aerious_content align=&#8221;left&#8221; width=&#8221;100&#8243; content_=&#8221;L&#8217;accompagnement pour l&#8217;implantation des technologies de relev\u00e9s laser est essentiel pour garantir que ces technologies sont utilis\u00e9es de mani\u00e8re efficace et rentable. Il permet de surmonter les d\u00e9fis techniques, de former le personnel, d&#8217;optimiser les processus et de maximiser les avantages de ces technologies, ce qui est particuli\u00e8rement important dans des industries telles que l&#8217;ing\u00e9nierie, la construction, la cartographie, mais particuli\u00e8rement dans l&#8217;industrie mini\u00e8re. Notre approche est construite autour de trois piliers soient, la cr\u00e9ativit\u00e9, l&#8217;ing\u00e9niosit\u00e9 et la disponibilit\u00e9&#8221; color=&#8221;#7c7c7c&#8221;][\/vc_column][\/vc_row][vc_row equal_height=&#8221;yes&#8221; css=&#8221;.vc_custom_1694547952904{margin-bottom: 15px !important;}&#8221;][vc_column width=&#8221;1\/3&#8243;][aerious_icon_with_text icon_pack=&#8221;eleganticons&#8221; icon_color=&#8221;custom&#8221; icon_placement=&#8221;left&#8221; text_align=&#8221;left&#8221; icon_ei=&#8221;icon_lightbulb_alt&#8221; title=&#8221;Cr\u00e9ativit\u00e9&#8221; content_=&#8221;La cr\u00e9ativit\u00e9 est notre moteur pour l&#8217;innovation technologique. Elle permet de d\u00e9couvrir de nouvelles solutions, de s&#8217;adapter aux d\u00e9fis changeants, d&#8217;am\u00e9liorer continuellement les produits et de r\u00e9pondre aux besoins de nos clients et partenaires. Dans un monde en constante \u00e9volution, la cr\u00e9ativit\u00e9 est un atout essentiel pour les entreprises cherchant \u00e0 rester \u00e0 la pointe de la technologie.&#8221; icon_custom_color=&#8221;#dd3333&#8243; icon_size=&#8221;60&#8243;][\/vc_column][vc_column width=&#8221;1\/3&#8243;][aerious_icon_with_text icon_pack=&#8221;eleganticons&#8221; icon_color=&#8221;custom&#8221; icon_placement=&#8221;left&#8221; text_align=&#8221;left&#8221; icon_ei=&#8221;icon_tools&#8221; title=&#8221;Ing\u00e9niosit\u00e9&#8221; content_=&#8221;Nous avons la qualit\u00e9 ou la capacit\u00e9 de penser de mani\u00e8re cr\u00e9ative, novatrice et astucieuse pour r\u00e9soudre des probl\u00e8mes ou concevoir des solutions originales. Cela implique souvent de trouver des moyens ing\u00e9nieux de surmonter des obstacles ou de cr\u00e9er quelque chose de nouveau en utilisant des ressources disponibles de mani\u00e8re intelligente. (il y a longtemps que nous sommes dans ce domaine!).&#8221; icon_bg_color=&#8221;#ffffff&#8221; icon_custom_color=&#8221;#dd3333&#8243; title_size=&#8221;12&#8243; icon_size=&#8221;60&#8243;][\/vc_column][vc_column width=&#8221;1\/3&#8243;][aerious_icon_with_text icon_pack=&#8221;eleganticons&#8221; icon_color=&#8221;custom&#8221; icon_placement=&#8221;left&#8221; text_align=&#8221;left&#8221; animation_duration=&#8221;2&#8243; title=&#8221;Disponibilit\u00e9&#8221; content_=&#8221;Pour tous les types de projets, nous vous offrons une assistance de qualit\u00e9 pour maximiser l&#8217;utilisation efficace de vos technologies. Que ce soit pour le d\u00e9pannage, la formation, la configuration de nouveaux \u00e9quipements ou l&#8217;optimisation des syst\u00e8mes existants, notre voulons que vous tiriez le meilleur parti de vos investissements technologiques.&#8221; icon_ei=&#8221;icon_chat_alt&#8221; icon_custom_color=&#8221;#dd3333&#8243; icon_size=&#8221;60&#8243;][\/vc_column][\/vc_row][vc_row][vc_column][aerious_title_subtitle border_position=&#8221;bottom&#8221; color=&#8221;custom&#8221; subtitle_color=&#8221;custom&#8221; title=&#8221;Quelques exemples de projets&#8221; subtitle=&#8221;Notre expertise en images et en mots&#8230;&#8221; custom_color=&#8221;#dd3333&#8243; subtitle_custom_color=&#8221;#dd3333&#8243;][aerious_portfolio columns=&#8221;3&#8243; category=&#8221;metrologie,rsde,services,tech&#8221; readmore_text=&#8221;Voir le projet&#8221; navigation=&#8221;true&#8221; nav_style=&#8221;&#8221; nav_buttons=&#8221;true&#8221; single_item_nav=&#8221;false&#8221; autoplay=&#8221;false&#8221; loop=&#8221;true&#8221;][\/vc_column][\/vc_row][vc_row full_width=&#8221;stretch_row&#8221; css=&#8221;.vc_custom_1464266272453{padding-top: 70px !important;padding-bottom: 70px !important;background-color: #eeeef2 !important;}&#8221;][vc_column css=&#8221;.vc_custom_1692372634415{background-color: #ffffff !important;}&#8221;][aerious_title_subtitle border_position=&#8221;bottom&#8221; color=&#8221;custom&#8221; subtitle_color=&#8221;custom&#8221; animation=&#8221;zoomInUp&#8221; title=&#8221;Voici notre \u00e9quipe&#8221; subtitle=&#8221;Tous des professionnels!!!&#8221; custom_color=&#8221;#dd3333&#8243; subtitle_custom_color=&#8221;#dd3333&#8243;][aerious_content align=&#8221;center&#8221; width=&#8221;55&#8243; content_=&#8221;Faites connaissance avec notre \u00e9quipe&#8221;][vc_empty_space height=&#8221;16px&#8221;][aerious_team columns=&#8221;3&#8243; highlight_color=&#8221;&#8221; css=&#8221;.vc_custom_1692908606088{background-image: url(http:\/\/aerious.technologybell.com\/aerious_min_demo\/aerious_min_demo\/wp-content\/uploads\/2016\/10\/bg3-min.png?id=805) !important;background-position: center !important;background-repeat: no-repeat !important;background-size: contain !important;}&#8221;][aerious_team_member name=&#8221;Eric Moreau&#8221; image=&#8221;1343&#8243; position=&#8221;Inspiration et muse&#8221; desc=&#8221;Il n&#8217;est plus avec nous, mais son imagination, sa cr\u00e9ativit\u00e9 et son humour particulier flottent tout autour de nous!&#8221; social_icon_bg_color_1=&#8221;#3b5998&#8243; social_icon_bg_color_2=&#8221;#dd4b39&#8243; social_icon_bg_color_3=&#8221;#55acee&#8221; social_icon_bg_color_4=&#8221;#aad450&#8243; social_icon_color_1=&#8221;#ffffff&#8221; social_icon_color_2=&#8221;#ffffff&#8221; social_icon_color_3=&#8221;#ffffff&#8221; social_icon_color_4=&#8221;#ffffff&#8221;][aerious_team_member show_social_icons=&#8221;yes&#8221; name=&#8221;Jacques Pelchat&#8221; position=&#8221;Programmeur back end et responsable du d\u00e9partement des miracles&#8221; desc=&#8221;Il carbure aux d\u00e9fis et souffre aussi de skinusite, une maladie qui appara\u00eet d\u00e8s que les pistes de skis sont couvertes de neige!&#8221; social_icon_1=&#8221;fa fa-facebook&#8221; social_icon_link_1=&#8221;facebook.com&#8221; social_icon_2=&#8221;fa fa-google-plus&#8221; social_icon_link_2=&#8221;google.com&#8221; social_icon_3=&#8221;social_twitter&#8221; social_icon_link_3=&#8221;twitter.com&#8221; social_icon_4=&#8221;fa fa-vimeo&#8221; social_icon_link_4=&#8221;vimeo.com&#8221; social_icon_5=&#8221;fa fa-wordpress&#8221; social_icon_link_5=&#8221;wordpress.com&#8221; image=&#8221;1347&#8243;][aerious_team_member show_social_icons=&#8221;yes&#8221; name=&#8221;Jean Brassard&#8221; image=&#8221;1345&#8243; position=&#8221;CEO \/ Pr\u00e9sident&#8221; desc=&#8221;PPr\u00e9sident \u00e9lue \u00e0 vie, d\u00e9mocratiquement et sans opposition! Plus vieux qu&#8217;il n&#8217;y para\u00eet sur la photo, il est pas mal avec les clients et les coll\u00e8gues pour tisser des liens et servir la bi\u00e8re!&#8221; social_icon_1=&#8221;fa fa-facebook&#8221; social_icon_link_1=&#8221;facebook.com&#8221; social_icon_2=&#8221;fa fa-google-plus&#8221; social_icon_link_2=&#8221;google.com&#8221; social_icon_3=&#8221;social_twitter&#8221; social_icon_link_3=&#8221;twitter.com&#8221; social_icon_4=&#8221;fa fa-vimeo&#8221; social_icon_link_4=&#8221;vimeo.com&#8221; social_icon_5=&#8221;fa fa-wordpress&#8221; social_icon_link_5=&#8221;wordpress.com&#8221; social_icon_hover_bg_color_1=&#8221;#3b5998&#8243; social_icon_hover_bg_color_2=&#8221;#dd4b39&#8243; social_icon_hover_bg_color_3=&#8221;#55acee&#8221; social_icon_hover_bg_color_4=&#8221;#aad450&#8243; social_icon_hover_color_1=&#8221;#ffffff&#8221; social_icon_hover_color_2=&#8221;#ffffff&#8221; social_icon_hover_color_3=&#8221;#ffffff&#8221; social_icon_hover_color_4=&#8221;#ffffff&#8221;][\/aerious_team][\/vc_column][\/vc_row][vc_row full_width=&#8221;stretch_row&#8221; css=&#8221;.vc_custom_1464260417680{padding-top: 70px !important;padding-bottom: 70px !important;background-color: #eeeef2 !important;}&#8221;][vc_column][aerious_title_subtitle border_position=&#8221;bottom&#8221; color=&#8221;custom&#8221; subtitle_color=&#8221;custom&#8221; animation=&#8221;fadeIn&#8221; title=&#8221;Nos derniers articles&#8221; subtitle=&#8221;\u00c0 lire&#8221; custom_color=&#8221;#dd3333&#8243; subtitle_custom_color=&#8221;#dd3333&#8243;][aerious_content align=&#8221;center&#8221; width=&#8221;55&#8243; content_=&#8221;Lorem ipsum dolor sit amet, consectetuer adipiscing elit. Aenean commodo ligula eget dolor. Aenean massa. Cum sociis natoque penatibus et magnis dis parturient montes, nascetur ridiculus.&#8221;][vc_empty_space height=&#8221;20px&#8221;][aerious_blog_posts type=&#8221;slider&#8221; columns=&#8221;4&#8243; post_content=&#8221;excerpt&#8221; blog_thumbnail=&#8221;yes&#8221; blog_media=&#8221;no&#8221; show_category=&#8221;no&#8221; show_readmore=&#8221;yes&#8221; show_author=&#8221;yes&#8221; show_like=&#8221;no&#8221; show_comments=&#8221;no&#8221; show_social=&#8221;no&#8221; navigation=&#8221;true&#8221; nav_style=&#8221;&#8221; nav_buttons=&#8221;true&#8221; single_item_nav=&#8221;false&#8221; autoplay=&#8221;false&#8221; loop=&#8221;true&#8221; animation=&#8221;bounceInRight&#8221; number_slider=&#8221;1&#8243;][\/vc_column][\/vc_row]<\/p>\n","protected":false},"author":1,"featured_media":0,"parent":0,"menu_order":0,"comment_status":"closed","ping_status":"closed","template":"","meta":{"footnotes":""},"class_list":["post-520","page","type-page","status-publish","hentry"],"amp_enabled":false,"_links":{"self":[{"href":"https:\/\/nyxdimensions.com\/index.php?rest_route=\/wp\/v2\/pages\/520","targetHints":{"allow":["GET"]}}],"collection":[{"href":"https:\/\/nyxdimensions.com\/index.php?rest_route=\/wp\/v2\/pages"}],"about":[{"href":"https:\/\/nyxdimensions.com\/index.php?rest_route=\/wp\/v2\/types\/page"}],"author":[{"embeddable":true,"href":"https:\/\/nyxdimensions.com\/index.php?rest_route=\/wp\/v2\/users\/1"}],"replies":[{"embeddable":true,"href":"https:\/\/nyxdimensions.com\/index.php?rest_route=%2Fwp%2Fv2%2Fcomments&post=520"}],"version-history":[{"count":92,"href":"https:\/\/nyxdimensions.com\/index.php?rest_route=\/wp\/v2\/pages\/520\/revisions"}],"predecessor-version":[{"id":2146,"href":"https:\/\/nyxdimensions.com\/index.php?rest_route=\/wp\/v2\/pages\/520\/revisions\/2146"}],"wp:attachment":[{"href":"https:\/\/nyxdimensions.com\/index.php?rest_route=%2Fwp%2Fv2%2Fmedia&parent=520"}],"curies":[{"name":"wp","href":"https:\/\/api.w.org\/{rel}","templated":true}]}}